{"id":1756,"date":"2017-10-05T15:42:24","date_gmt":"2017-10-05T13:42:24","guid":{"rendered":"http:\/\/www.sebastien-majerowicz.fr\/?page_id=1756"},"modified":"2018-05-28T17:04:34","modified_gmt":"2018-05-28T15:04:34","slug":"ethique-tant-photographe-de-nature","status":"publish","type":"page","link":"https:\/\/www.sebastien-majerowicz.fr\/index.php\/ethique-tant-photographe-de-nature\/","title":{"rendered":"Mon \u00e9thique en tant que photographe de Nature"},"content":{"rendered":"<p>Cher-e-s ami-e-s de la Nature, dans cet article, je souhaite m&rsquo;entretenir de mon \u00e9thique en tant que photographe de Nature amateur et des r\u00e8gles que je suis.<\/p>\n<p>La photographie animali\u00e8re a pour caract\u00e9ristique principale de photographier des animaux (si si &#8230;). Ces derniers n&rsquo;ont rien demand\u00e9 et, par dessus tout, ne souhaitent pas \u00eatre d\u00e9rang\u00e9s. Le photographe animalier, qu&rsquo;il soit amateur ou professionnel, a donc une forte responsabilit\u00e9 sur ses \u00e9paules quant \u00e0 l&rsquo;impact qu&rsquo;il a sur l&rsquo;environnement naturel qu&rsquo;il foule de ses pieds.<\/p>\n<p>Mon objectif premier est de faire aimer la Nature afin que chacun d&rsquo;entre nous la prot\u00e8ge et la pr\u00e9serve. Pour cela, j&rsquo;ai choisi de pratiquer la photographie de Nature. Cela me donne \u00e9norm\u00e9ment de plaisir mais il doit y avoir des limites. Aussi, au gr\u00e9 de ma pratique et de mes r\u00e9flexions, voici mes quelques bonnes pratiques de photographie animali\u00e8re<\/p>\n<p>Ainsi, lors de mes billebaudes, dans la campagne proche de mon habitation :<\/p>\n<h2><a href=\"https:\/\/www.sebastien-majerowicz.fr\/index.php\/2016\/08\/09\/pied-destale\/\" target=\"_blank\" rel=\"noopener\"><img loading=\"lazy\" decoding=\"async\" class=\"alignright wp-image-185\" src=\"http:\/\/www.sebastien-majerowicz.fr\/wp-content\/uploads\/2017\/02\/26045630595_bbbee1efff_b-1-300x300.jpg\" alt=\"Rougequeue noir \/ Phoenicurus ochruros\" width=\"400\" height=\"400\" srcset=\"https:\/\/www.sebastien-majerowicz.fr\/wp-content\/uploads\/2017\/02\/26045630595_bbbee1efff_b-1-300x300.jpg 300w, https:\/\/www.sebastien-majerowicz.fr\/wp-content\/uploads\/2017\/02\/26045630595_bbbee1efff_b-1-150x150.jpg 150w, https:\/\/www.sebastien-majerowicz.fr\/wp-content\/uploads\/2017\/02\/26045630595_bbbee1efff_b-1-768x768.jpg 768w, https:\/\/www.sebastien-majerowicz.fr\/wp-content\/uploads\/2017\/02\/26045630595_bbbee1efff_b-1.jpg 1024w\" sizes=\"auto, (max-width: 400px) 100vw, 400px\" \/><\/a>Je pr\u00e9serve<\/h2>\n<ul>\n<li>Je ne laisse aucun d\u00e9chet sur place ;<\/li>\n<li>Je ne m&rsquo;approche pas des lieux de nidifications ou des terriers ;<\/li>\n<li>Je fais attention o\u00f9 je marche ;<\/li>\n<li>Je ne poursuis pas un animal si celui-ci s&rsquo;enfuit \u00e0 mon approche ;<\/li>\n<li>Je ne touche pas mes sujets photographiques. En particulier, je ne d\u00e9place pas les animaux pour les mettre dans des conditions qui pourraient \u00eatre \u00ab\u00a0meilleures\u00a0\u00bb photographiquement.<\/li>\n<\/ul>\n<h2>Je ne d\u00e9truis pas<\/h2>\n<ul>\n<li>Je n&#8217;emporte pas de paires de ciseaux pour couper les brins d&rsquo;herbe qui g\u00eaneraient la prise de vue ;<\/li>\n<li>Je ne cueille pas les fleurs ;<\/li>\n<li>Je n&#8217;emporte pas les animaux chez moi, toutes les prises de vue sont r\u00e9alis\u00e9es in-situ ;<\/li>\n<li>Je ne fais pas des milliers de kilom\u00e8tres en avion (bien polluant) pour faire des photos d&rsquo;une esp\u00e8ce animale inconnue dans ma r\u00e9gion. Des photographes locaux le font s\u00fbrement mieux que ce que je ferais.<\/li>\n<\/ul>\n<p>De la m\u00eame mani\u00e8re que j&rsquo;essaye de ne rien d\u00e9truire :<\/p>\n<h2>Je n&rsquo;ajoute rien non plus<\/h2>\n<ul>\n<li>Je n&rsquo;apporte pas de faux arri\u00e8res-plans ;<\/li>\n<li>Je ne vaporise pas d&rsquo;eau ;<\/li>\n<li>Je n&rsquo;utilise pas d&rsquo;appeaux ou d\u2019app\u00e2ts pour attirer les animaux, \u00e0 moi d&rsquo;aller \u00e0 leur rencontre, pas l&rsquo;inverse.<\/li>\n<\/ul>\n<p>Pour ce dernier point, il est vrai que je nourris les <a href=\"http:\/\/www.sebastien-majerowicz.fr\/index.php\/2016\/10\/21\/nourrissage-des-oiseaux-en-hiver\/\" target=\"_blank\" rel=\"noopener\">oiseaux pendant l&rsquo;hiver<\/a> mais uniquement dans mon jardin.<\/p>\n<p>Bref, pour moi, et vous l&rsquo;aurez compris, mon \u00e9thique photographique peut se r\u00e9sumer \u00e0 :<\/p>\n<blockquote><p>Rien ne peut justifier de modifier la Nature pour une photo, ou un ego, ne serait-ce qu&rsquo;un peu.<\/p><\/blockquote>\n<p><a href=\"https:\/\/www.sebastien-majerowicz.fr\/index.php\/2016\/08\/19\/surprenante-surprise\/\" target=\"_blank\" rel=\"noopener\"><img loading=\"lazy\" decoding=\"async\" class=\"alignleft wp-image-223\" src=\"http:\/\/www.sebastien-majerowicz.fr\/wp-content\/uploads\/2017\/03\/28775276690_2a7c454b3b_b-225x300.jpg\" alt=\"Bordure ensanglant\u00e9e \/ Diacrisia sannio\" width=\"300\" height=\"400\" srcset=\"https:\/\/www.sebastien-majerowicz.fr\/wp-content\/uploads\/2017\/03\/28775276690_2a7c454b3b_b-225x300.jpg 225w, https:\/\/www.sebastien-majerowicz.fr\/wp-content\/uploads\/2017\/03\/28775276690_2a7c454b3b_b.jpg 768w, https:\/\/www.sebastien-majerowicz.fr\/wp-content\/uploads\/2017\/03\/28775276690_2a7c454b3b_b-203x270.jpg 203w\" sizes=\"auto, (max-width: 300px) 100vw, 300px\" \/><\/a>Je la respecte et la pr\u00e9serve autant que je le peux. Je fais de la photo pour me faire plaisir et pour promouvoir notre belle Nature : je ne veux pas la d\u00e9naturer par ma pratique. Alors, il est \u00e9vident que je suis heureux de \u00ab\u00a0r\u00e9ussir\u00a0\u00bb une belle photo, de voir que certaines de mes photos sont aim\u00e9es, j&rsquo;essaye de participer \u00e0 des concours (sans beaucoup de r\u00e9ussites), mais en aucun cas,\u00a0 je ne veux d\u00e9roger \u00e0 mes principes, car cela ne serait plus en accord avec mes objectifs :<\/p>\n<blockquote><p>Faire aimer la Nature telle qu&rsquo;elle se pr\u00e9sente. Je fais des photos de la Nature telle qu&rsquo;elle est, pas de la Nature telle que j&rsquo;aimerais qu&rsquo;elle soit.<\/p><\/blockquote>\n<p>Enfin, je suis conscient que mon comportement est perfectible. J&rsquo;aimerai, par exemple, partir avec un sac pour ramasser les d\u00e9tritus que je vois mais je suis d\u00e9j\u00e0 tr\u00e8s encombr\u00e9 avec le <a href=\"http:\/\/www.sebastien-majerowicz.fr\/index.php\/2016\/11\/07\/mon-sac-a-dos-photo\/\" target=\"_blank\" rel=\"noopener\">mat\u00e9riel photographique<\/a>. A d\u00e9faut, je discute \u00e9norm\u00e9ment autour de moi du respect que nous devons \u00e0 la Nature.<\/p>\n<p>Merci beaucoup d&rsquo;avoir lu jusqu&rsquo;au bout. N&rsquo;h\u00e9sitez pas \u00e0 me dire dans les commentaires si vous avez des id\u00e9es d&rsquo;am\u00e9lioration. De la m\u00eame mani\u00e8re, dites-moi ce que vous pensez de mes \u00ab\u00a0bonnes pratiques\u00a0\u00bb et de mon \u00e9thique toute personnelle \ud83d\ude42<\/p>\n<p style=\"text-align: center;\"><a href=\"http:\/\/www.sebastien-majerowicz.fr\/index.php\/contact\/\" target=\"_blank\" rel=\"noopener\">S\u00e9bastien Majerowicz<\/a><\/p>\n<p>PS : J&rsquo;aime beaucoup le \u00ab\u00a0coup de gueule\u00a0\u00bb pouss\u00e9 par <a href=\"https:\/\/www.davidwolberg-wildlifephotographer.com\/\" target=\"_blank\" rel=\"noopener\">David Wolberg<\/a> en d\u00e9but d&rsquo;ann\u00e9e 2017. Je\u00a0 vous encourage \u00e0 aller voir l&rsquo;entrevue que vous pouvez <a href=\"https:\/\/phototrend.fr\/2017\/01\/david-wolberg-coup-de-gueule-ethique-photo-animaliere\/\" target=\"_blank\" rel=\"noopener\">lire.<\/a> Il insiste sur les d\u00e9rives graves et pr\u00e9judiciables pour la Nature, juste pour avoir une photo ou pour flatter un ego &#8230;<\/p>\n<p>PPS : Pour approfondir encore le sujet, n&rsquo;h\u00e9sitez pas \u00e0 lire l&rsquo;excellent article sur l&rsquo;<a href=\"https:\/\/posenature.fr\/ethique-du-photographe\/\" target=\"_blank\" rel=\"noopener\">\u00c9thique du photographe<\/a> \u00e9crit par <a href=\"https:\/\/posenature.fr\/\" target=\"_blank\" rel=\"noopener\">Adrien Coquelle<\/a>.<\/p>\n<p>PPPS : Dans cet article, je suis conscient que je pratique l&rsquo;apologie du \u00ab\u00a0je\u00a0\u00bb. Ce n&rsquo;est en rien pour me mettre en avant. Mais c&rsquo;est pour insister sur le fait qu&rsquo;il ne s&rsquo;agit que de ma pratique de la photographie animali\u00e8re. Chacun est, \u00e9videmment, libre de voir midi \u00e0 sa porte.<\/p>\n","protected":false},"excerpt":{"rendered":"<p>Cher-e-s ami-e-s de la Nature, dans cet article, je souhaite m&rsquo;entretenir de mon \u00e9thique en tant que photographe de Nature amateur et des r\u00e8gles que je suis. La photographie animali\u00e8re a pour caract\u00e9ristique principale de photographier des animaux (si si &#8230;). Ces derniers n&rsquo;ont rien demand\u00e9 et, par dessus tout, ne souhaitent pas \u00eatre d\u00e9rang\u00e9s. [&hellip;]<\/p>\n","protected":false},"author":1,"featured_media":1045,"parent":0,"menu_order":0,"comment_status":"open","ping_status":"open","template":"","meta":{"footnotes":""},"class_list":["post-1756","page","type-page","status-publish","has-post-thumbnail","czr-hentry"],"yoast_head":"<!-- This site is optimized with the Yoast SEO plugin v27.4 - https:\/\/yoast.com\/product\/yoast-seo-wordpress\/ -->\n<title>Mon \u00e9thique en tant que photographe de Nature - S\u00e9bastien Majerowicz<\/title>\n<meta name=\"robots\" content=\"index, follow, max-snippet:-1, max-image-preview:large, max-video-preview:-1\" \/>\n<link rel=\"canonical\" href=\"https:\/\/www.sebastien-majerowicz.fr\/index.php\/ethique-tant-photographe-de-nature\/\" \/>\n<meta property=\"og:locale\" content=\"fr_FR\" \/>\n<meta property=\"og:type\" content=\"article\" \/>\n<meta property=\"og:title\" content=\"Mon \u00e9thique en tant que photographe de Nature - S\u00e9bastien Majerowicz\" \/>\n<meta property=\"og:description\" content=\"Cher-e-s ami-e-s de la Nature, dans cet article, je souhaite m&rsquo;entretenir de mon \u00e9thique en tant que photographe de Nature amateur et des r\u00e8gles que je suis. La photographie animali\u00e8re a pour caract\u00e9ristique principale de photographier des animaux (si si &#8230;). Ces derniers n&rsquo;ont rien demand\u00e9 et, par dessus tout, ne souhaitent pas \u00eatre d\u00e9rang\u00e9s. [&hellip;]\" \/>\n<meta property=\"og:url\" content=\"https:\/\/www.sebastien-majerowicz.fr\/index.php\/ethique-tant-photographe-de-nature\/\" \/>\n<meta property=\"og:site_name\" content=\"S\u00e9bastien Majerowicz\" \/>\n<meta property=\"article:modified_time\" content=\"2018-05-28T15:04:34+00:00\" \/>\n<meta property=\"og:image\" content=\"https:\/\/www.sebastien-majerowicz.fr\/wp-content\/uploads\/2017\/09\/33731387026_5ec6ddb9f5_b.jpg\" \/>\n\t<meta property=\"og:image:width\" content=\"1024\" \/>\n\t<meta property=\"og:image:height\" content=\"683\" \/>\n\t<meta property=\"og:image:type\" content=\"image\/jpeg\" \/>\n<meta name=\"twitter:card\" content=\"summary_large_image\" \/>\n<meta name=\"twitter:label1\" content=\"Dur\u00e9e de lecture estim\u00e9e\" \/>\n\t<meta name=\"twitter:data1\" content=\"4 minutes\" \/>\n<script type=\"application\/ld+json\" class=\"yoast-schema-graph\">{\"@context\":\"https:\\\/\\\/schema.org\",\"@graph\":[{\"@type\":\"WebPage\",\"@id\":\"https:\\\/\\\/www.sebastien-majerowicz.fr\\\/index.php\\\/ethique-tant-photographe-de-nature\\\/\",\"url\":\"https:\\\/\\\/www.sebastien-majerowicz.fr\\\/index.php\\\/ethique-tant-photographe-de-nature\\\/\",\"name\":\"Mon \u00e9thique en tant que photographe de Nature - S\u00e9bastien Majerowicz\",\"isPartOf\":{\"@id\":\"https:\\\/\\\/www.sebastien-majerowicz.fr\\\/#website\"},\"primaryImageOfPage\":{\"@id\":\"https:\\\/\\\/www.sebastien-majerowicz.fr\\\/index.php\\\/ethique-tant-photographe-de-nature\\\/#primaryimage\"},\"image\":{\"@id\":\"https:\\\/\\\/www.sebastien-majerowicz.fr\\\/index.php\\\/ethique-tant-photographe-de-nature\\\/#primaryimage\"},\"thumbnailUrl\":\"https:\\\/\\\/www.sebastien-majerowicz.fr\\\/wp-content\\\/uploads\\\/2017\\\/09\\\/33731387026_5ec6ddb9f5_b.jpg\",\"datePublished\":\"2017-10-05T13:42:24+00:00\",\"dateModified\":\"2018-05-28T15:04:34+00:00\",\"breadcrumb\":{\"@id\":\"https:\\\/\\\/www.sebastien-majerowicz.fr\\\/index.php\\\/ethique-tant-photographe-de-nature\\\/#breadcrumb\"},\"inLanguage\":\"fr-FR\",\"potentialAction\":[{\"@type\":\"ReadAction\",\"target\":[\"https:\\\/\\\/www.sebastien-majerowicz.fr\\\/index.php\\\/ethique-tant-photographe-de-nature\\\/\"]}]},{\"@type\":\"ImageObject\",\"inLanguage\":\"fr-FR\",\"@id\":\"https:\\\/\\\/www.sebastien-majerowicz.fr\\\/index.php\\\/ethique-tant-photographe-de-nature\\\/#primaryimage\",\"url\":\"https:\\\/\\\/www.sebastien-majerowicz.fr\\\/wp-content\\\/uploads\\\/2017\\\/09\\\/33731387026_5ec6ddb9f5_b.jpg\",\"contentUrl\":\"https:\\\/\\\/www.sebastien-majerowicz.fr\\\/wp-content\\\/uploads\\\/2017\\\/09\\\/33731387026_5ec6ddb9f5_b.jpg\",\"width\":1024,\"height\":683,\"caption\":\"Ecureuil roux \\\/ Sciurus vulgaris\"},{\"@type\":\"BreadcrumbList\",\"@id\":\"https:\\\/\\\/www.sebastien-majerowicz.fr\\\/index.php\\\/ethique-tant-photographe-de-nature\\\/#breadcrumb\",\"itemListElement\":[{\"@type\":\"ListItem\",\"position\":1,\"name\":\"Accueil\",\"item\":\"https:\\\/\\\/www.sebastien-majerowicz.fr\\\/\"},{\"@type\":\"ListItem\",\"position\":2,\"name\":\"Mon \u00e9thique en tant que photographe de Nature\"}]},{\"@type\":\"WebSite\",\"@id\":\"https:\\\/\\\/www.sebastien-majerowicz.fr\\\/#website\",\"url\":\"https:\\\/\\\/www.sebastien-majerowicz.fr\\\/\",\"name\":\"S\u00e9bastien Majerowicz\",\"description\":\"Photographe animalier par Nature\",\"publisher\":{\"@id\":\"https:\\\/\\\/www.sebastien-majerowicz.fr\\\/#\\\/schema\\\/person\\\/a64c1066d12b40958b45bf7ab508f6a3\"},\"potentialAction\":[{\"@type\":\"SearchAction\",\"target\":{\"@type\":\"EntryPoint\",\"urlTemplate\":\"https:\\\/\\\/www.sebastien-majerowicz.fr\\\/?s={search_term_string}\"},\"query-input\":{\"@type\":\"PropertyValueSpecification\",\"valueRequired\":true,\"valueName\":\"search_term_string\"}}],\"inLanguage\":\"fr-FR\"},{\"@type\":[\"Person\",\"Organization\"],\"@id\":\"https:\\\/\\\/www.sebastien-majerowicz.fr\\\/#\\\/schema\\\/person\\\/a64c1066d12b40958b45bf7ab508f6a3\",\"name\":\"S\u00e9bastien Majerowicz\",\"logo\":{\"@id\":\"https:\\\/\\\/www.sebastien-majerowicz.fr\\\/#\\\/schema\\\/person\\\/image\\\/\"},\"sameAs\":[\"https:\\\/\\\/www.sebastien-majerowicz.fr\"]}]}<\/script>\n<!-- \/ Yoast SEO plugin. -->","yoast_head_json":{"title":"Mon \u00e9thique en tant que photographe de Nature - S\u00e9bastien Majerowicz","robots":{"index":"index","follow":"follow","max-snippet":"max-snippet:-1","max-image-preview":"max-image-preview:large","max-video-preview":"max-video-preview:-1"},"canonical":"https:\/\/www.sebastien-majerowicz.fr\/index.php\/ethique-tant-photographe-de-nature\/","og_locale":"fr_FR","og_type":"article","og_title":"Mon \u00e9thique en tant que photographe de Nature - S\u00e9bastien Majerowicz","og_description":"Cher-e-s ami-e-s de la Nature, dans cet article, je souhaite m&rsquo;entretenir de mon \u00e9thique en tant que photographe de Nature amateur et des r\u00e8gles que je suis. La photographie animali\u00e8re a pour caract\u00e9ristique principale de photographier des animaux (si si &#8230;). Ces derniers n&rsquo;ont rien demand\u00e9 et, par dessus tout, ne souhaitent pas \u00eatre d\u00e9rang\u00e9s. [&hellip;]","og_url":"https:\/\/www.sebastien-majerowicz.fr\/index.php\/ethique-tant-photographe-de-nature\/","og_site_name":"S\u00e9bastien Majerowicz","article_modified_time":"2018-05-28T15:04:34+00:00","og_image":[{"width":1024,"height":683,"url":"https:\/\/www.sebastien-majerowicz.fr\/wp-content\/uploads\/2017\/09\/33731387026_5ec6ddb9f5_b.jpg","type":"image\/jpeg"}],"twitter_card":"summary_large_image","twitter_misc":{"Dur\u00e9e de lecture estim\u00e9e":"4 minutes"},"schema":{"@context":"https:\/\/schema.org","@graph":[{"@type":"WebPage","@id":"https:\/\/www.sebastien-majerowicz.fr\/index.php\/ethique-tant-photographe-de-nature\/","url":"https:\/\/www.sebastien-majerowicz.fr\/index.php\/ethique-tant-photographe-de-nature\/","name":"Mon \u00e9thique en tant que photographe de Nature - S\u00e9bastien Majerowicz","isPartOf":{"@id":"https:\/\/www.sebastien-majerowicz.fr\/#website"},"primaryImageOfPage":{"@id":"https:\/\/www.sebastien-majerowicz.fr\/index.php\/ethique-tant-photographe-de-nature\/#primaryimage"},"image":{"@id":"https:\/\/www.sebastien-majerowicz.fr\/index.php\/ethique-tant-photographe-de-nature\/#primaryimage"},"thumbnailUrl":"https:\/\/www.sebastien-majerowicz.fr\/wp-content\/uploads\/2017\/09\/33731387026_5ec6ddb9f5_b.jpg","datePublished":"2017-10-05T13:42:24+00:00","dateModified":"2018-05-28T15:04:34+00:00","breadcrumb":{"@id":"https:\/\/www.sebastien-majerowicz.fr\/index.php\/ethique-tant-photographe-de-nature\/#breadcrumb"},"inLanguage":"fr-FR","potentialAction":[{"@type":"ReadAction","target":["https:\/\/www.sebastien-majerowicz.fr\/index.php\/ethique-tant-photographe-de-nature\/"]}]},{"@type":"ImageObject","inLanguage":"fr-FR","@id":"https:\/\/www.sebastien-majerowicz.fr\/index.php\/ethique-tant-photographe-de-nature\/#primaryimage","url":"https:\/\/www.sebastien-majerowicz.fr\/wp-content\/uploads\/2017\/09\/33731387026_5ec6ddb9f5_b.jpg","contentUrl":"https:\/\/www.sebastien-majerowicz.fr\/wp-content\/uploads\/2017\/09\/33731387026_5ec6ddb9f5_b.jpg","width":1024,"height":683,"caption":"Ecureuil roux \/ Sciurus vulgaris"},{"@type":"BreadcrumbList","@id":"https:\/\/www.sebastien-majerowicz.fr\/index.php\/ethique-tant-photographe-de-nature\/#breadcrumb","itemListElement":[{"@type":"ListItem","position":1,"name":"Accueil","item":"https:\/\/www.sebastien-majerowicz.fr\/"},{"@type":"ListItem","position":2,"name":"Mon \u00e9thique en tant que photographe de Nature"}]},{"@type":"WebSite","@id":"https:\/\/www.sebastien-majerowicz.fr\/#website","url":"https:\/\/www.sebastien-majerowicz.fr\/","name":"S\u00e9bastien Majerowicz","description":"Photographe animalier par Nature","publisher":{"@id":"https:\/\/www.sebastien-majerowicz.fr\/#\/schema\/person\/a64c1066d12b40958b45bf7ab508f6a3"},"potentialAction":[{"@type":"SearchAction","target":{"@type":"EntryPoint","urlTemplate":"https:\/\/www.sebastien-majerowicz.fr\/?s={search_term_string}"},"query-input":{"@type":"PropertyValueSpecification","valueRequired":true,"valueName":"search_term_string"}}],"inLanguage":"fr-FR"},{"@type":["Person","Organization"],"@id":"https:\/\/www.sebastien-majerowicz.fr\/#\/schema\/person\/a64c1066d12b40958b45bf7ab508f6a3","name":"S\u00e9bastien Majerowicz","logo":{"@id":"https:\/\/www.sebastien-majerowicz.fr\/#\/schema\/person\/image\/"},"sameAs":["https:\/\/www.sebastien-majerowicz.fr"]}]}},"_links":{"self":[{"href":"https:\/\/www.sebastien-majerowicz.fr\/index.php\/wp-json\/wp\/v2\/pages\/1756","targetHints":{"allow":["GET"]}}],"collection":[{"href":"https:\/\/www.sebastien-majerowicz.fr\/index.php\/wp-json\/wp\/v2\/pages"}],"about":[{"href":"https:\/\/www.sebastien-majerowicz.fr\/index.php\/wp-json\/wp\/v2\/types\/page"}],"author":[{"embeddable":true,"href":"https:\/\/www.sebastien-majerowicz.fr\/index.php\/wp-json\/wp\/v2\/users\/1"}],"replies":[{"embeddable":true,"href":"https:\/\/www.sebastien-majerowicz.fr\/index.php\/wp-json\/wp\/v2\/comments?post=1756"}],"version-history":[{"count":15,"href":"https:\/\/www.sebastien-majerowicz.fr\/index.php\/wp-json\/wp\/v2\/pages\/1756\/revisions"}],"predecessor-version":[{"id":3254,"href":"https:\/\/www.sebastien-majerowicz.fr\/index.php\/wp-json\/wp\/v2\/pages\/1756\/revisions\/3254"}],"wp:featuredmedia":[{"embeddable":true,"href":"https:\/\/www.sebastien-majerowicz.fr\/index.php\/wp-json\/wp\/v2\/media\/1045"}],"wp:attachment":[{"href":"https:\/\/www.sebastien-majerowicz.fr\/index.php\/wp-json\/wp\/v2\/media?parent=1756"}],"curies":[{"name":"wp","href":"https:\/\/api.w.org\/{rel}","templated":true}]}}