{"id":1750,"date":"2017-10-05T15:32:13","date_gmt":"2017-10-05T13:32:13","guid":{"rendered":"http:\/\/www.sebastien-majerowicz.fr\/?page_id=1750"},"modified":"2018-02-14T09:54:15","modified_gmt":"2018-02-14T08:54:15","slug":"apprendre-a-connaitre-nature-laimer-proteger","status":"publish","type":"page","link":"https:\/\/www.sebastien-majerowicz.fr\/index.php\/apprendre-a-connaitre-nature-laimer-proteger\/","title":{"rendered":"Apprendre \u00e0 conna\u00eetre la Nature pour l\u2019aimer et la prot\u00e9ger"},"content":{"rendered":"<div class=\"_2cuy _3dgx _2vxa\">Bonjour \u00e0 toutes et \u00e0 tous et bienvenue sur mon site internet consacr\u00e9 \u00e0 ma passion de la Nature !<\/div>\n<h2>Mes objectifs<\/h2>\n<div class=\"_2cuy _3dgx _2vxa\">Oui, vous \u00eates sur le site internet d\u2019un photographe mais je suis avant tout un passionn\u00e9 de la Nature. Chaque randonn\u00e9e ou balade est toujours un \u00e9merveillement. Essayez car la Nature nous r\u00e9serve des surprises \u00e0 chaque instant. Pour cela, il suffit d&rsquo;ouvrir grands les yeux, les oreilles et les narines !<\/div>\n<div><\/div>\n<div class=\"_2cuy _3dgx _2vxa\"><img loading=\"lazy\" decoding=\"async\" class=\" wp-image-1275 alignleft\" src=\"http:\/\/www.sebastien-majerowicz.fr\/wp-content\/uploads\/2017\/09\/35605560252_0a6e574fe7_b-200x300.jpg\" alt=\"Pennipate bleu\u00e2tre \/ Platycnemis pennipes\" width=\"272\" height=\"408\" srcset=\"https:\/\/www.sebastien-majerowicz.fr\/wp-content\/uploads\/2017\/09\/35605560252_0a6e574fe7_b-200x300.jpg 200w, https:\/\/www.sebastien-majerowicz.fr\/wp-content\/uploads\/2017\/09\/35605560252_0a6e574fe7_b.jpg 683w\" sizes=\"auto, (max-width: 272px) 100vw, 272px\" \/>La photographie est un outil formidable pour faire conna\u00eetre et partager autour de Dame Nature. La photographie permet de graver l\u2019\u00e9motion ressentie lors de la prise de vue et r\u00e9v\u00e8le ainsi la vision personnelle de l\u2019instant. La photographie me permet de mieux conna\u00eetre Dame Nature car, a posteriori, elle am\u00e8ne \u00e0 faire des recherches sur les esp\u00e8ces inconnues, tant de choses \u00e0 d\u00e9couvrir mais \u00e0 un niveau tr\u00e8s local. Il suffit de regarder le nombre de trucs que je ne connais pas dans mon jardin \ud83d\ude09<\/div>\n<div><\/div>\n<div>Dans cet espace, je vous partagerai donc certaines de mes photos, de mes \u00e9motions et de mes histoires de Nature. De ce fait, j\u2019esp\u00e8re que cela sera une source de d\u00e9couverte et de motivation dans l\u2019envie de mieux conna\u00eetre la Nature, celle qui nous entoure dans le but de mieux la pr\u00e9server\/prot\u00e9ger !<\/div>\n<div><\/div>\n<h2>Navigation sur le site<\/h2>\n<div class=\"_2cuy _3dgx _2vxa\">Quelques mots sur l&rsquo;utilisation de ce site :<\/div>\n<ul>\n<li>Dans mes Univers, vous retrouvez ce que je consid\u00e8re \u00eatre mes meilleures photos cat\u00e9goris\u00e9es ;<\/li>\n<li>Dans les <a href=\"http:\/\/www.sebastien-majerowicz.fr\/index.php\/category\/article\/\" target=\"_blank\" rel=\"noopener\">articles<\/a>, vous pourrez lire les articles que j&rsquo;ai pu \u00e9crire sur diff\u00e9rentes th\u00e9matiques : mat\u00e9riel, techniques, etc ;<\/li>\n<li>Dans <a href=\"http:\/\/www.sebastien-majerowicz.fr\/index.php\/category\/photographie\/\" target=\"_blank\" rel=\"noopener\">DameNaturePhotography<\/a>, il s&rsquo;agit du partage quotidien de mes photographies, toujours accompagn\u00e9es d&rsquo;un texte, d&rsquo;une anecdote, etc que vous pouvez aussi retrouver sur la page Facebook du m\u00eame nom : <a href=\"https:\/\/www.facebook.com\/DameNaturePhotography\/\">DameNaturePhotography<\/a> ;<\/li>\n<li>Enfin, dans \u00c9changes, vous pourrez me <a href=\"http:\/\/www.sebastien-majerowicz.fr\/index.php\/contact\/\">contacter <\/a>ou me laisser un message sur le <a href=\"http:\/\/www.sebastien-majerowicz.fr\/index.php\/livre-dor\/\">livre d&rsquo;Or<\/a> de ce site. Mais surtout, vous pouvez d\u00e9sormais vous abonnez \u00e0 une <a href=\"http:\/\/www.sebastien-majerowicz.fr\/index.php\/abonnez-vous\/\" target=\"_blank\" rel=\"noopener\">newsletter<\/a> afin de ne rien rater \ud83d\ude42<\/li>\n<\/ul>\n<blockquote>\n<div>\u00a0Aimer la Nature, Elle vous le rendra !<\/div>\n<\/blockquote>\n<p><!--more--><\/p>\n<div>Enfin, si vous souhaitez en savoir plus sur mon \u00e9thique en tant que photographe de Nature, je vous encourage \u00e0 aller lire cet <a href=\"http:\/\/www.sebastien-majerowicz.fr\/index.php\/ethique-tant-photographe-de-nature\/\" target=\"_blank\" rel=\"noopener\">article<\/a>. Maintenant, je vous laisse d\u00e9couvrir tout cela. J&rsquo;esp\u00e8re, de tout c\u0153ur que le voyage dans mon univers photographique et ma c\u00e9l\u00e9bration de la diversit\u00e9 que nous offre Dame Nature vous plairont \ud83d\ude42<\/div>\n<p><!--more--><\/p>\n<div class=\"_2cuy _3dgx _2vxa\">En vous remerciant chaleureusement pour votre passage, je vous dis : \u00e0 tr\u00e8s bient\u00f4t ! Et pourquoi pas au d\u00e9tour d\u2019un chemin \ud83d\ude09<\/div>\n<p><!--more--><\/p>\n<div class=\"_2cuy _3dgx _2vxa\" style=\"text-align: center;\"><a href=\"http:\/\/www.sebastien-majerowicz.fr\/index.php\/contact\/\" target=\"_blank\" rel=\"noopener\">S\u00e9bastien Majerowicz<\/a><\/div>\n<p><!--more--><\/p>\n<div class=\"_2cuy _3dgx _2vxa\">PS : Toutes les photos pr\u00e9sent\u00e9es ici sont le fruit de ma passion et ont demand\u00e9 \u00e9norm\u00e9ment d&rsquo;investissement en temps et en argent. Alors merci beaucoup pour le respect des droits d&rsquo;auteur. Toutefois, s&rsquo;il y en a une qui vous int\u00e9resse particuli\u00e8rement, n&rsquo;h\u00e9sitez pas \u00e0 me <a href=\"http:\/\/www.sebastien-majerowicz.fr\/index.php\/contact\/\" target=\"_blank\" rel=\"noopener\">contacter<\/a> pour avoir une version haute d\u00e9finition ou pour tout autre projet.<\/div>\n<div><\/div>\n<div><img loading=\"lazy\" decoding=\"async\" class=\"wp-image-1652 alignleft\" src=\"http:\/\/www.sebastien-majerowicz.fr\/wp-content\/uploads\/2017\/09\/logo_reflex_technique-300x300.png\" alt=\"Technique\" width=\"50\" height=\"50\" srcset=\"https:\/\/www.sebastien-majerowicz.fr\/wp-content\/uploads\/2017\/09\/logo_reflex_technique-300x300.png 300w, https:\/\/www.sebastien-majerowicz.fr\/wp-content\/uploads\/2017\/09\/logo_reflex_technique-150x150.png 150w, https:\/\/www.sebastien-majerowicz.fr\/wp-content\/uploads\/2017\/09\/logo_reflex_technique.png 512w, https:\/\/www.sebastien-majerowicz.fr\/wp-content\/uploads\/2017\/09\/logo_reflex_technique-510x510.png 510w\" sizes=\"auto, (max-width: 50px) 100vw, 50px\" \/>PPS : Si vous rencontrez cette ic\u00f4ne dans les articles, alors il indique que je fais un apart\u00e9 technique sur les conditions de prises de vue, ou sur une astuce, &#8230; bref, une information qui je l&rsquo;esp\u00e8re, vous sera utile un jour ou l&rsquo;autre.<\/div>\n","protected":false},"excerpt":{"rendered":"<p>Bonjour \u00e0 toutes et \u00e0 tous et bienvenue sur mon site internet consacr\u00e9 \u00e0 ma passion de la Nature ! Mes objectifs Oui, vous \u00eates sur le site internet d\u2019un photographe mais je suis avant tout un passionn\u00e9 de la Nature. Chaque randonn\u00e9e ou balade est toujours un \u00e9merveillement. Essayez car la Nature nous r\u00e9serve [&hellip;]<\/p>\n","protected":false},"author":1,"featured_media":1140,"parent":0,"menu_order":0,"comment_status":"open","ping_status":"open","template":"","meta":{"footnotes":""},"class_list":["post-1750","page","type-page","status-publish","has-post-thumbnail","czr-hentry"],"yoast_head":"<!-- This site is optimized with the Yoast SEO plugin v27.4 - https:\/\/yoast.com\/product\/yoast-seo-wordpress\/ -->\n<title>Apprendre \u00e0 conna\u00eetre la Nature pour l\u2019aimer et la prot\u00e9ger - S\u00e9bastien Majerowicz<\/title>\n<meta name=\"robots\" content=\"index, follow, max-snippet:-1, max-image-preview:large, max-video-preview:-1\" \/>\n<link rel=\"canonical\" href=\"https:\/\/www.sebastien-majerowicz.fr\/index.php\/apprendre-a-connaitre-nature-laimer-proteger\/\" \/>\n<meta property=\"og:locale\" content=\"fr_FR\" \/>\n<meta property=\"og:type\" content=\"article\" \/>\n<meta property=\"og:title\" content=\"Apprendre \u00e0 conna\u00eetre la Nature pour l\u2019aimer et la prot\u00e9ger - S\u00e9bastien Majerowicz\" \/>\n<meta property=\"og:description\" content=\"Bonjour \u00e0 toutes et \u00e0 tous et bienvenue sur mon site internet consacr\u00e9 \u00e0 ma passion de la Nature ! Mes objectifs Oui, vous \u00eates sur le site internet d\u2019un photographe mais je suis avant tout un passionn\u00e9 de la Nature. Chaque randonn\u00e9e ou balade est toujours un \u00e9merveillement. Essayez car la Nature nous r\u00e9serve [&hellip;]\" \/>\n<meta property=\"og:url\" content=\"https:\/\/www.sebastien-majerowicz.fr\/index.php\/apprendre-a-connaitre-nature-laimer-proteger\/\" \/>\n<meta property=\"og:site_name\" content=\"S\u00e9bastien Majerowicz\" \/>\n<meta property=\"article:modified_time\" content=\"2018-02-14T08:54:15+00:00\" \/>\n<meta property=\"og:image\" content=\"https:\/\/www.sebastien-majerowicz.fr\/wp-content\/uploads\/2017\/09\/34538555736_89ff9303f4_b.jpg\" \/>\n\t<meta property=\"og:image:width\" content=\"1024\" \/>\n\t<meta property=\"og:image:height\" content=\"683\" \/>\n\t<meta property=\"og:image:type\" content=\"image\/jpeg\" \/>\n<meta name=\"twitter:card\" content=\"summary_large_image\" \/>\n<meta name=\"twitter:label1\" content=\"Dur\u00e9e de lecture estim\u00e9e\" \/>\n\t<meta name=\"twitter:data1\" content=\"3 minutes\" \/>\n<script type=\"application\/ld+json\" class=\"yoast-schema-graph\">{\"@context\":\"https:\\\/\\\/schema.org\",\"@graph\":[{\"@type\":\"WebPage\",\"@id\":\"https:\\\/\\\/www.sebastien-majerowicz.fr\\\/index.php\\\/apprendre-a-connaitre-nature-laimer-proteger\\\/\",\"url\":\"https:\\\/\\\/www.sebastien-majerowicz.fr\\\/index.php\\\/apprendre-a-connaitre-nature-laimer-proteger\\\/\",\"name\":\"Apprendre \u00e0 conna\u00eetre la Nature pour l\u2019aimer et la prot\u00e9ger - S\u00e9bastien Majerowicz\",\"isPartOf\":{\"@id\":\"https:\\\/\\\/www.sebastien-majerowicz.fr\\\/#website\"},\"primaryImageOfPage\":{\"@id\":\"https:\\\/\\\/www.sebastien-majerowicz.fr\\\/index.php\\\/apprendre-a-connaitre-nature-laimer-proteger\\\/#primaryimage\"},\"image\":{\"@id\":\"https:\\\/\\\/www.sebastien-majerowicz.fr\\\/index.php\\\/apprendre-a-connaitre-nature-laimer-proteger\\\/#primaryimage\"},\"thumbnailUrl\":\"https:\\\/\\\/www.sebastien-majerowicz.fr\\\/wp-content\\\/uploads\\\/2017\\\/09\\\/34538555736_89ff9303f4_b.jpg\",\"datePublished\":\"2017-10-05T13:32:13+00:00\",\"dateModified\":\"2018-02-14T08:54:15+00:00\",\"breadcrumb\":{\"@id\":\"https:\\\/\\\/www.sebastien-majerowicz.fr\\\/index.php\\\/apprendre-a-connaitre-nature-laimer-proteger\\\/#breadcrumb\"},\"inLanguage\":\"fr-FR\",\"potentialAction\":[{\"@type\":\"ReadAction\",\"target\":[\"https:\\\/\\\/www.sebastien-majerowicz.fr\\\/index.php\\\/apprendre-a-connaitre-nature-laimer-proteger\\\/\"]}]},{\"@type\":\"ImageObject\",\"inLanguage\":\"fr-FR\",\"@id\":\"https:\\\/\\\/www.sebastien-majerowicz.fr\\\/index.php\\\/apprendre-a-connaitre-nature-laimer-proteger\\\/#primaryimage\",\"url\":\"https:\\\/\\\/www.sebastien-majerowicz.fr\\\/wp-content\\\/uploads\\\/2017\\\/09\\\/34538555736_89ff9303f4_b.jpg\",\"contentUrl\":\"https:\\\/\\\/www.sebastien-majerowicz.fr\\\/wp-content\\\/uploads\\\/2017\\\/09\\\/34538555736_89ff9303f4_b.jpg\",\"width\":1024,\"height\":683,\"caption\":\"M\u00e9sange bleue \\\/ Cyanistes caeruleus\"},{\"@type\":\"BreadcrumbList\",\"@id\":\"https:\\\/\\\/www.sebastien-majerowicz.fr\\\/index.php\\\/apprendre-a-connaitre-nature-laimer-proteger\\\/#breadcrumb\",\"itemListElement\":[{\"@type\":\"ListItem\",\"position\":1,\"name\":\"Accueil\",\"item\":\"https:\\\/\\\/www.sebastien-majerowicz.fr\\\/\"},{\"@type\":\"ListItem\",\"position\":2,\"name\":\"Apprendre \u00e0 conna\u00eetre la Nature pour l\u2019aimer et la prot\u00e9ger\"}]},{\"@type\":\"WebSite\",\"@id\":\"https:\\\/\\\/www.sebastien-majerowicz.fr\\\/#website\",\"url\":\"https:\\\/\\\/www.sebastien-majerowicz.fr\\\/\",\"name\":\"S\u00e9bastien Majerowicz\",\"description\":\"Photographe animalier par Nature\",\"publisher\":{\"@id\":\"https:\\\/\\\/www.sebastien-majerowicz.fr\\\/#\\\/schema\\\/person\\\/a64c1066d12b40958b45bf7ab508f6a3\"},\"potentialAction\":[{\"@type\":\"SearchAction\",\"target\":{\"@type\":\"EntryPoint\",\"urlTemplate\":\"https:\\\/\\\/www.sebastien-majerowicz.fr\\\/?s={search_term_string}\"},\"query-input\":{\"@type\":\"PropertyValueSpecification\",\"valueRequired\":true,\"valueName\":\"search_term_string\"}}],\"inLanguage\":\"fr-FR\"},{\"@type\":[\"Person\",\"Organization\"],\"@id\":\"https:\\\/\\\/www.sebastien-majerowicz.fr\\\/#\\\/schema\\\/person\\\/a64c1066d12b40958b45bf7ab508f6a3\",\"name\":\"S\u00e9bastien Majerowicz\",\"logo\":{\"@id\":\"https:\\\/\\\/www.sebastien-majerowicz.fr\\\/#\\\/schema\\\/person\\\/image\\\/\"},\"sameAs\":[\"https:\\\/\\\/www.sebastien-majerowicz.fr\"]}]}<\/script>\n<!-- \/ Yoast SEO plugin. -->","yoast_head_json":{"title":"Apprendre \u00e0 conna\u00eetre la Nature pour l\u2019aimer et la prot\u00e9ger - S\u00e9bastien Majerowicz","robots":{"index":"index","follow":"follow","max-snippet":"max-snippet:-1","max-image-preview":"max-image-preview:large","max-video-preview":"max-video-preview:-1"},"canonical":"https:\/\/www.sebastien-majerowicz.fr\/index.php\/apprendre-a-connaitre-nature-laimer-proteger\/","og_locale":"fr_FR","og_type":"article","og_title":"Apprendre \u00e0 conna\u00eetre la Nature pour l\u2019aimer et la prot\u00e9ger - S\u00e9bastien Majerowicz","og_description":"Bonjour \u00e0 toutes et \u00e0 tous et bienvenue sur mon site internet consacr\u00e9 \u00e0 ma passion de la Nature ! Mes objectifs Oui, vous \u00eates sur le site internet d\u2019un photographe mais je suis avant tout un passionn\u00e9 de la Nature. Chaque randonn\u00e9e ou balade est toujours un \u00e9merveillement. Essayez car la Nature nous r\u00e9serve [&hellip;]","og_url":"https:\/\/www.sebastien-majerowicz.fr\/index.php\/apprendre-a-connaitre-nature-laimer-proteger\/","og_site_name":"S\u00e9bastien Majerowicz","article_modified_time":"2018-02-14T08:54:15+00:00","og_image":[{"width":1024,"height":683,"url":"https:\/\/www.sebastien-majerowicz.fr\/wp-content\/uploads\/2017\/09\/34538555736_89ff9303f4_b.jpg","type":"image\/jpeg"}],"twitter_card":"summary_large_image","twitter_misc":{"Dur\u00e9e de lecture estim\u00e9e":"3 minutes"},"schema":{"@context":"https:\/\/schema.org","@graph":[{"@type":"WebPage","@id":"https:\/\/www.sebastien-majerowicz.fr\/index.php\/apprendre-a-connaitre-nature-laimer-proteger\/","url":"https:\/\/www.sebastien-majerowicz.fr\/index.php\/apprendre-a-connaitre-nature-laimer-proteger\/","name":"Apprendre \u00e0 conna\u00eetre la Nature pour l\u2019aimer et la prot\u00e9ger - S\u00e9bastien Majerowicz","isPartOf":{"@id":"https:\/\/www.sebastien-majerowicz.fr\/#website"},"primaryImageOfPage":{"@id":"https:\/\/www.sebastien-majerowicz.fr\/index.php\/apprendre-a-connaitre-nature-laimer-proteger\/#primaryimage"},"image":{"@id":"https:\/\/www.sebastien-majerowicz.fr\/index.php\/apprendre-a-connaitre-nature-laimer-proteger\/#primaryimage"},"thumbnailUrl":"https:\/\/www.sebastien-majerowicz.fr\/wp-content\/uploads\/2017\/09\/34538555736_89ff9303f4_b.jpg","datePublished":"2017-10-05T13:32:13+00:00","dateModified":"2018-02-14T08:54:15+00:00","breadcrumb":{"@id":"https:\/\/www.sebastien-majerowicz.fr\/index.php\/apprendre-a-connaitre-nature-laimer-proteger\/#breadcrumb"},"inLanguage":"fr-FR","potentialAction":[{"@type":"ReadAction","target":["https:\/\/www.sebastien-majerowicz.fr\/index.php\/apprendre-a-connaitre-nature-laimer-proteger\/"]}]},{"@type":"ImageObject","inLanguage":"fr-FR","@id":"https:\/\/www.sebastien-majerowicz.fr\/index.php\/apprendre-a-connaitre-nature-laimer-proteger\/#primaryimage","url":"https:\/\/www.sebastien-majerowicz.fr\/wp-content\/uploads\/2017\/09\/34538555736_89ff9303f4_b.jpg","contentUrl":"https:\/\/www.sebastien-majerowicz.fr\/wp-content\/uploads\/2017\/09\/34538555736_89ff9303f4_b.jpg","width":1024,"height":683,"caption":"M\u00e9sange bleue \/ Cyanistes caeruleus"},{"@type":"BreadcrumbList","@id":"https:\/\/www.sebastien-majerowicz.fr\/index.php\/apprendre-a-connaitre-nature-laimer-proteger\/#breadcrumb","itemListElement":[{"@type":"ListItem","position":1,"name":"Accueil","item":"https:\/\/www.sebastien-majerowicz.fr\/"},{"@type":"ListItem","position":2,"name":"Apprendre \u00e0 conna\u00eetre la Nature pour l\u2019aimer et la prot\u00e9ger"}]},{"@type":"WebSite","@id":"https:\/\/www.sebastien-majerowicz.fr\/#website","url":"https:\/\/www.sebastien-majerowicz.fr\/","name":"S\u00e9bastien Majerowicz","description":"Photographe animalier par Nature","publisher":{"@id":"https:\/\/www.sebastien-majerowicz.fr\/#\/schema\/person\/a64c1066d12b40958b45bf7ab508f6a3"},"potentialAction":[{"@type":"SearchAction","target":{"@type":"EntryPoint","urlTemplate":"https:\/\/www.sebastien-majerowicz.fr\/?s={search_term_string}"},"query-input":{"@type":"PropertyValueSpecification","valueRequired":true,"valueName":"search_term_string"}}],"inLanguage":"fr-FR"},{"@type":["Person","Organization"],"@id":"https:\/\/www.sebastien-majerowicz.fr\/#\/schema\/person\/a64c1066d12b40958b45bf7ab508f6a3","name":"S\u00e9bastien Majerowicz","logo":{"@id":"https:\/\/www.sebastien-majerowicz.fr\/#\/schema\/person\/image\/"},"sameAs":["https:\/\/www.sebastien-majerowicz.fr"]}]}},"_links":{"self":[{"href":"https:\/\/www.sebastien-majerowicz.fr\/index.php\/wp-json\/wp\/v2\/pages\/1750","targetHints":{"allow":["GET"]}}],"collection":[{"href":"https:\/\/www.sebastien-majerowicz.fr\/index.php\/wp-json\/wp\/v2\/pages"}],"about":[{"href":"https:\/\/www.sebastien-majerowicz.fr\/index.php\/wp-json\/wp\/v2\/types\/page"}],"author":[{"embeddable":true,"href":"https:\/\/www.sebastien-majerowicz.fr\/index.php\/wp-json\/wp\/v2\/users\/1"}],"replies":[{"embeddable":true,"href":"https:\/\/www.sebastien-majerowicz.fr\/index.php\/wp-json\/wp\/v2\/comments?post=1750"}],"version-history":[{"count":11,"href":"https:\/\/www.sebastien-majerowicz.fr\/index.php\/wp-json\/wp\/v2\/pages\/1750\/revisions"}],"predecessor-version":[{"id":2673,"href":"https:\/\/www.sebastien-majerowicz.fr\/index.php\/wp-json\/wp\/v2\/pages\/1750\/revisions\/2673"}],"wp:featuredmedia":[{"embeddable":true,"href":"https:\/\/www.sebastien-majerowicz.fr\/index.php\/wp-json\/wp\/v2\/media\/1140"}],"wp:attachment":[{"href":"https:\/\/www.sebastien-majerowicz.fr\/index.php\/wp-json\/wp\/v2\/media?parent=1750"}],"curies":[{"name":"wp","href":"https:\/\/api.w.org\/{rel}","templated":true}]}}